{"id":669,"date":"2025-05-15T09:14:54","date_gmt":"2025-05-15T09:14:54","guid":{"rendered":"https:\/\/www.zkf.zgorzelec.pl\/index.php\/o-nas-2\/"},"modified":"2025-05-23T07:03:46","modified_gmt":"2025-05-23T07:03:46","slug":"o-nas-2","status":"publish","type":"page","link":"https:\/\/www.zkf.zgorzelec.pl\/index.php\/o-nas-2\/","title":{"rendered":"O nas"},"content":{"rendered":"\n    \n    <section class=\"u-clearfix u-section-2\" id=\"block-1\">\n      <div class=\"u-clearfix u-sheet u-valign-top u-sheet-1\">\n        <img decoding=\"async\" class=\"u-expanded-width u-image u-image-default u-image-1\" src=\"https:\/\/www.zkf.zgorzelec.pl\/wp-content\/uploads\/2025\/05\/banneroprojkecie-11.png\" alt=\"\" data-image-width=\"1381\" data-image-height=\"649\">\n        <h3 class=\"u-text u-text-1\"> Dlaczego fantastyka ?<\/h3>\n        <p class=\"u-large-text u-text u-text-variant u-text-2\"> Fantastyka to bardzo szeroki i mocny nurt we wsp\u00f3\u0142czesnej kulturze. Co roku powstaj\u0105 tysi\u0105ce dzie\u0142 \u2013 film\u00f3w, seriali, ksi\u0105\u017cek, gier i ilustracji kt\u00f3re s\u0105 osadzone w bardziej lub mniej wymy\u015blonych \u015bwiatach. Sama fantastyka dzieli si\u0119 na wiele r\u00f3\u017cnych kategorii \u2013 science-fiction, fantasy, antyutopie, dystopie, cyberpunk, space opera, postapokalipsa, fantastyka socjologiczna, steampunk i wiele innych. Fani i mi\u0142o\u015bnicy fantastyki tworz\u0105 jedne z najbardziej aktywnych i zaanga\u017cowanych spo\u0142eczno\u015bci zar\u00f3wno on-line jak i na \u017cywo.<\/p>\n        <h3 class=\"u-text u-text-3\"> Czym jest Zgorzelecki Konwent Fantastyczny ?<\/h3>\n        <p class=\"u-large-text u-text u-text-variant u-text-4\"> Zgorzelecki Konwent Fantastyczny (ZKF) jest wydarzeniem skierowanym do szerokiego grona odbiorc\u00f3w, kt\u00f3rzy interesuj\u0105 si\u0119 wsp\u00f3\u0142czesn\u0105 kultur\u0105. ZKF ma by\u0107 miejscem spotkania, wymiany do\u015bwiadcze\u0144 i zdobycia lub pog\u0142\u0119bienia wiedzy. Chcemy by konwent sta\u0142 si\u0119 miejscem integracji mi\u0142o\u015bnik\u00f3w fantastyki w naszym regionie. W czasie wydarzenia nie b\u0119dziemy stroni\u0107 od czystej rozrywki :).&nbsp;<br>Warsztaty, spotkania z cosplayerami, gamesroom i wiele innych atrakcji umili czas sp\u0119dzony na konwencie. \n        <\/p>\n        <h3 class=\"u-text u-text-5\"> Czy wst\u0119p b\u0119dzie bezp\u0142atny ?<\/h3>\n        <p class=\"u-text u-text-6\"> Tak.&nbsp;ZKF nie jest przedsi\u0119wzi\u0119ciem komercyjnym i&nbsp;jest finansowany z \u015brodk\u00f3w&nbsp;<a href=\"http:\/\/www.bo.zgorzelec.eu\/\" class=\"u-active-none u-border-none u-btn u-button-style u-hover-none u-none u-text-palette-1-base u-btn-1\">zgorzeleckiego bud\u017cetu obywatelskiego<\/a>. Dzi\u0119ki temu&nbsp;mo\u017cemy zrezygnowa\u0107 z pobierania op\u0142at za wst\u0119p. Pami\u0119ta\u0107 jednak nale\u017cy, \u017ce ze wzgl\u0119d\u00f3w formalnych b\u0119dziemy prowadzi\u0107 rejestracj\u0119 os\u00f3b wchodz\u0105cych na teren imprezy.\n        <\/p>\n        <h3 class=\"u-text u-text-7\"> Czy b\u0119dzie rejestracja na poszczeg\u00f3lne wydarzenia ?<\/h3>\n        <p class=\"u-text u-text-8\"> Wyk\u0142ady, prelekcje i inne wydarzenia b\u0119d\u0105 ograniczone jedynie pojemno\u015bciami sal. Jednak takie, kt\u00f3re z natury maj\u0105 ograniczon\u0105 ilo\u015b\u0107 miejsc jak na przyk\u0142ad sesje RPG, b\u0119d\u0105 podlega\u0107 rejestracji.&nbsp;<\/p>\n      <\/div>\n    <\/section>\n    \n    \n    \n  \n","protected":false},"excerpt":{"rendered":"<p>Dlaczego fantastyka ? Fantastyka to bardzo szeroki i mocny nurt we wsp\u00f3\u0142czesnej kulturze. Co roku powstaj\u0105 tysi\u0105ce dzie\u0142 \u2013 film\u00f3w, seriali, ksi\u0105\u017cek, gier i ilustracji kt\u00f3re s\u0105 osadzone w bardziej lub mniej wymy\u015blonych \u015bwiatach. Sama fantastyka dzieli si\u0119 na wiele r\u00f3\u017cnych kategorii \u2013 science-fiction, fantasy, antyutopie, dystopie, cyberpunk, space opera, postapokalipsa, fantastyka socjologiczna, steampunk i &hellip; <a href=\"https:\/\/www.zkf.zgorzelec.pl\/index.php\/o-nas-2\/\" class=\"more-link\">Continue reading<span class=\"screen-reader-text\"> &#8222;O nas&#8221;<\/span><\/a><\/p>\n","protected":false},"author":1,"featured_media":0,"parent":0,"menu_order":3,"comment_status":"closed","ping_status":"closed","template":"","meta":{"footnotes":""},"class_list":["post-669","page","type-page","status-publish","hentry"],"_links":{"self":[{"href":"https:\/\/www.zkf.zgorzelec.pl\/index.php\/wp-json\/wp\/v2\/pages\/669","targetHints":{"allow":["GET"]}}],"collection":[{"href":"https:\/\/www.zkf.zgorzelec.pl\/index.php\/wp-json\/wp\/v2\/pages"}],"about":[{"href":"https:\/\/www.zkf.zgorzelec.pl\/index.php\/wp-json\/wp\/v2\/types\/page"}],"author":[{"embeddable":true,"href":"https:\/\/www.zkf.zgorzelec.pl\/index.php\/wp-json\/wp\/v2\/users\/1"}],"replies":[{"embeddable":true,"href":"https:\/\/www.zkf.zgorzelec.pl\/index.php\/wp-json\/wp\/v2\/comments?post=669"}],"version-history":[{"count":2,"href":"https:\/\/www.zkf.zgorzelec.pl\/index.php\/wp-json\/wp\/v2\/pages\/669\/revisions"}],"predecessor-version":[{"id":698,"href":"https:\/\/www.zkf.zgorzelec.pl\/index.php\/wp-json\/wp\/v2\/pages\/669\/revisions\/698"}],"wp:attachment":[{"href":"https:\/\/www.zkf.zgorzelec.pl\/index.php\/wp-json\/wp\/v2\/media?parent=669"}],"curies":[{"name":"wp","href":"https:\/\/api.w.org\/{rel}","templated":true}]}}