{"id":670,"date":"2025-05-15T09:14:55","date_gmt":"2025-05-15T09:14:55","guid":{"rendered":"https:\/\/www.zkf.zgorzelec.pl\/index.php\/chce-sie-pokazac-2\/"},"modified":"2025-05-15T09:15:00","modified_gmt":"2025-05-15T09:15:00","slug":"chce-sie-pokazac-2","status":"publish","type":"page","link":"https:\/\/www.zkf.zgorzelec.pl\/index.php\/chce-sie-pokazac-2\/","title":{"rendered":"Chce si\u0119 pokaza\u0107"},"content":{"rendered":"\n  \n    <section class=\"u-clearfix u-section-1\" id=\"block-1\">\n      <div class=\"u-clearfix u-sheet u-valign-top u-sheet-1\">\n        <img decoding=\"async\" class=\"custom-expanded u-image u-image-default u-image-1\" src=\"https:\/\/www.zkf.zgorzelec.pl\/wp-content\/uploads\/2025\/05\/banner2-11.png\" alt=\"\" data-image-width=\"1381\" data-image-height=\"649\">\n        <h3 class=\"u-text u-text-1\">Do\u0142\u0105cz do nas !<\/h3>\n        <p class=\"u-large-text u-text u-text-variant u-text-2\">Interesujesz si\u0119 mang\u0105 i chcia\u0142by\u015b tym zarazi\u0107 innych ? A mo\u017ce masz kolekcj\u0119 film\u00f3w, komiks\u00f3w i gad\u017cet\u00f3w ze \u015bwiata Star Trek&nbsp;<br>i chcia\u0142by\u015b o tym opowiedzie\u0107 innym ? A mo\u017ce opanowa\u0142e\u015b tajniki defensywnej formy trzeciej lepiej od mistrza Obi-Wana Kenobiego i czas zaprezentowa\u0107 si\u0119 \u015bwiatu ?&nbsp;<br>Bez wzgl\u0119du na to jak\u0105 masz pozytywn\u0105 zajawk\u0119 zapraszamy do zg\u0142oszenia ch\u0119ci udzia\u0142u w konwencie.&nbsp; Szczeg\u00f3lnie gor\u0105co zapraszamy mieszka\u0144c\u00f3w Powiatu Zgorzeleckiego&nbsp; \ud83d\ude42&nbsp;<br>\n          <br>\n        <\/p>\n        <a href=\"https:\/\/docs.google.com\/forms\/d\/e\/1FAIpQLSdcM3c23WaHvrp-5vUH-bYfPuO_XzGgApgo6X39vewmBs2s9g\/viewform\" class=\"u-align-center u-btn u-button-style u-hover-palette-1-dark-1 u-palette-1-base u-btn-1\" target=\"_blank\">wy\u015blij zg\u0142oszenie <\/a>\n      <\/div>\n    <\/section>\n    \n    \n    \n    \n  \n","protected":false},"excerpt":{"rendered":"<p>Do\u0142\u0105cz do nas ! Interesujesz si\u0119 mang\u0105 i chcia\u0142by\u015b tym zarazi\u0107 innych ? A mo\u017ce masz kolekcj\u0119 film\u00f3w, komiks\u00f3w i gad\u017cet\u00f3w ze \u015bwiata Star Trek&nbsp;i chcia\u0142by\u015b o tym opowiedzie\u0107 innym ? A mo\u017ce opanowa\u0142e\u015b tajniki defensywnej formy trzeciej lepiej od mistrza Obi-Wana Kenobiego i czas zaprezentowa\u0107 si\u0119 \u015bwiatu ?&nbsp;Bez wzgl\u0119du na to jak\u0105 masz pozytywn\u0105 &hellip; <a href=\"https:\/\/www.zkf.zgorzelec.pl\/index.php\/chce-sie-pokazac-2\/\" class=\"more-link\">Continue reading<span class=\"screen-reader-text\"> &#8222;Chce si\u0119 pokaza\u0107&#8221;<\/span><\/a><\/p>\n","protected":false},"author":1,"featured_media":0,"parent":0,"menu_order":4,"comment_status":"closed","ping_status":"closed","template":"","meta":{"footnotes":""},"class_list":["post-670","page","type-page","status-publish","hentry"],"_links":{"self":[{"href":"https:\/\/www.zkf.zgorzelec.pl\/index.php\/wp-json\/wp\/v2\/pages\/670","targetHints":{"allow":["GET"]}}],"collection":[{"href":"https:\/\/www.zkf.zgorzelec.pl\/index.php\/wp-json\/wp\/v2\/pages"}],"about":[{"href":"https:\/\/www.zkf.zgorzelec.pl\/index.php\/wp-json\/wp\/v2\/types\/page"}],"author":[{"embeddable":true,"href":"https:\/\/www.zkf.zgorzelec.pl\/index.php\/wp-json\/wp\/v2\/users\/1"}],"replies":[{"embeddable":true,"href":"https:\/\/www.zkf.zgorzelec.pl\/index.php\/wp-json\/wp\/v2\/comments?post=670"}],"version-history":[{"count":1,"href":"https:\/\/www.zkf.zgorzelec.pl\/index.php\/wp-json\/wp\/v2\/pages\/670\/revisions"}],"predecessor-version":[{"id":678,"href":"https:\/\/www.zkf.zgorzelec.pl\/index.php\/wp-json\/wp\/v2\/pages\/670\/revisions\/678"}],"wp:attachment":[{"href":"https:\/\/www.zkf.zgorzelec.pl\/index.php\/wp-json\/wp\/v2\/media?parent=670"}],"curies":[{"name":"wp","href":"https:\/\/api.w.org\/{rel}","templated":true}]}}