{"id":671,"date":"2025-05-15T09:14:56","date_gmt":"2025-05-15T09:14:56","guid":{"rendered":"https:\/\/www.zkf.zgorzelec.pl\/index.php\/wolontariat-2\/"},"modified":"2025-05-15T17:33:27","modified_gmt":"2025-05-15T17:33:27","slug":"wolontariat-2","status":"publish","type":"page","link":"https:\/\/www.zkf.zgorzelec.pl\/index.php\/wolontariat-2\/","title":{"rendered":"Wolontariat"},"content":{"rendered":"\n    \n    <section class=\"u-clearfix u-section-2\" id=\"block-1\">\n      <div class=\"u-clearfix u-sheet u-valign-top u-sheet-1\">\n        <img decoding=\"async\" class=\"custom-expanded u-image u-image-default u-image-1\" src=\"https:\/\/www.zkf.zgorzelec.pl\/wp-content\/uploads\/2025\/05\/banner2-11.png\" alt=\"\" data-image-width=\"1381\" data-image-height=\"649\">\n        <h3 class=\"u-text u-text-1\">Zosta\u0144 wolontariuszem!<\/h3>\n        <p class=\"u-large-text u-text u-text-variant u-text-2\">Organizacja&nbsp; konwentu to skomplikowane przedsi\u0119wzi\u0119cie, podczas kt\u00f3rego zawsze co\u015b si\u0119 dzieje i ka\u017cda pomoc jest na wag\u0119 z\u0142ota. Je\u015bli chcesz nas wesprze\u0107 a przy okazji zdobycie do\u015bwiadczenie, nawi\u0105za\u0107 nowe znajomo\u015bci i przyjemnie sp\u0119dzi\u0107 czas - do\u0142\u0105cz do nas.&nbsp;<br>\n          <br>Ka\u017cdy wolontariusz na pewno otrzyma ciep\u0142y posi\u0142ek i je\u015bli jest spoza Zgorzelca dach nad g\u0142ow\u0105 \ud83d\ude42&nbsp;<br>\n          <br>\n        <\/p>\n        <a href=\"https:\/\/forms.gle\/F7JmtCm8YnJamcYw8\" class=\"u-align-center u-btn u-button-style u-hover-palette-1-dark-1 u-palette-1-base u-btn-1\" target=\"_blank\">wy\u015blij zg\u0142oszenie <\/a>\n      <\/div>\n    <\/section>\n    \n    \n    \n  \n","protected":false},"excerpt":{"rendered":"<p>Zosta\u0144 wolontariuszem! Organizacja&nbsp; konwentu to skomplikowane przedsi\u0119wzi\u0119cie, podczas kt\u00f3rego zawsze co\u015b si\u0119 dzieje i ka\u017cda pomoc jest na wag\u0119 z\u0142ota. Je\u015bli chcesz nas wesprze\u0107 a przy okazji zdobycie do\u015bwiadczenie, nawi\u0105za\u0107 nowe znajomo\u015bci i przyjemnie sp\u0119dzi\u0107 czas &#8211; do\u0142\u0105cz do nas.&nbsp; Ka\u017cdy wolontariusz na pewno otrzyma ciep\u0142y posi\u0142ek i je\u015bli jest spoza Zgorzelca dach nad g\u0142ow\u0105 &hellip; <a href=\"https:\/\/www.zkf.zgorzelec.pl\/index.php\/wolontariat-2\/\" class=\"more-link\">Continue reading<span class=\"screen-reader-text\"> &#8222;Wolontariat&#8221;<\/span><\/a><\/p>\n","protected":false},"author":1,"featured_media":0,"parent":0,"menu_order":5,"comment_status":"closed","ping_status":"closed","template":"","meta":{"footnotes":""},"class_list":["post-671","page","type-page","status-publish","hentry"],"_links":{"self":[{"href":"https:\/\/www.zkf.zgorzelec.pl\/index.php\/wp-json\/wp\/v2\/pages\/671","targetHints":{"allow":["GET"]}}],"collection":[{"href":"https:\/\/www.zkf.zgorzelec.pl\/index.php\/wp-json\/wp\/v2\/pages"}],"about":[{"href":"https:\/\/www.zkf.zgorzelec.pl\/index.php\/wp-json\/wp\/v2\/types\/page"}],"author":[{"embeddable":true,"href":"https:\/\/www.zkf.zgorzelec.pl\/index.php\/wp-json\/wp\/v2\/users\/1"}],"replies":[{"embeddable":true,"href":"https:\/\/www.zkf.zgorzelec.pl\/index.php\/wp-json\/wp\/v2\/comments?post=671"}],"version-history":[{"count":2,"href":"https:\/\/www.zkf.zgorzelec.pl\/index.php\/wp-json\/wp\/v2\/pages\/671\/revisions"}],"predecessor-version":[{"id":695,"href":"https:\/\/www.zkf.zgorzelec.pl\/index.php\/wp-json\/wp\/v2\/pages\/671\/revisions\/695"}],"wp:attachment":[{"href":"https:\/\/www.zkf.zgorzelec.pl\/index.php\/wp-json\/wp\/v2\/media?parent=671"}],"curies":[{"name":"wp","href":"https:\/\/api.w.org\/{rel}","templated":true}]}}