{"id":672,"date":"2025-05-15T09:14:57","date_gmt":"2025-05-15T09:14:57","guid":{"rendered":"https:\/\/www.zkf.zgorzelec.pl\/index.php\/kontakt-2\/"},"modified":"2025-10-14T13:57:03","modified_gmt":"2025-10-14T11:57:03","slug":"kontakt-2","status":"publish","type":"page","link":"https:\/\/www.zkf.zgorzelec.pl\/index.php\/kontakt-2\/","title":{"rendered":"Kontakt"},"content":{"rendered":"\n    \n    <section class=\"u-clearfix u-section-2\" id=\"block-2\">\n      <div class=\"u-clearfix u-sheet u-valign-middle-lg u-valign-middle-md u-valign-middle-sm u-valign-middle-xs u-sheet-1\">\n        <img decoding=\"async\" class=\"u-expanded-width u-image u-image-default u-image-1\" src=\"https:\/\/www.zkf.zgorzelec.pl\/wp-content\/uploads\/2025\/05\/mechagodzilla2-7.png\" alt=\"\" data-image-width=\"921\" data-image-height=\"414\">\n      <\/div>\n    <\/section>\n    <section class=\"u-clearfix u-grey-5 u-section-3\" id=\"block-3\">\n      <div class=\"u-clearfix u-sheet u-sheet-1\">\n        <div class=\"data-layout-selected u-clearfix u-expanded-width u-layout-wrap u-layout-wrap-1\">\n          <div class=\"u-layout\">\n            <div class=\"u-layout-row\">\n              <div class=\"u-align-left u-container-style u-layout-cell u-left-cell u-size-30 u-layout-cell-1\">\n                <div class=\"u-container-layout u-valign-middle-lg u-valign-middle-md u-valign-middle-sm u-valign-middle-xs u-container-layout-1\">\n                  <p class=\"u-align-center u-text u-text-1\">ADRES&nbsp; KONWENTU<\/p>\n                  <h2 class=\"u-align-center u-text u-text-2\">Miejski Dom Kultury<br>&nbsp;w Zgorzelcu\n                  <\/h2>\n                  <p class=\"u-align-center u-text u-text-3\">ul. Parkowa 1,<br>&nbsp;59-900 Zgorzelec&nbsp;\n                  <\/p>\n                <\/div>\n              <\/div>\n              <div class=\"u-container-style u-layout-cell u-right-cell u-size-30 u-layout-cell-2\">\n                <div class=\"u-container-layout u-container-layout-2\">\n                  <div class=\"u-expanded u-grey-10 u-map\">\n                    <div class=\"embed-responsive\">\n                      <iframe class=\"embed-responsive-item\" src=\"https:\/\/maps.google.com\/maps?output=embed&amp;q=Parkowa%201%20%2C%20Zgorzelec&amp;t=m\" data-map=\"JTdCJTIyYWRkcmVzcyUyMiUzQSUyMlBhcmtvd2ElMjAxJTIwJTJDJTIwWmdvcnplbGVjJTIyJTJDJTIyem9vbSUyMiUzQW51bGwlMkMlMjJ0eXBlSWQlMjIlM0ElMjJyb2FkJTIyJTJDJTIybGFuZyUyMiUzQW51bGwlMkMlMjJhcGlLZXklMjIlM0FudWxsJTJDJTIybWFya2VycyUyMiUzQSU1QiU1RCU3RA==\"><\/iframe>\n                    <\/div>\n                  <\/div>\n                <\/div>\n              <\/div>\n            <\/div>\n          <\/div>\n        <\/div>\n      <\/div>\n    <\/section>\n    <section class=\"u-clearfix u-section-4\" id=\"block-1\">\n      <div class=\"u-clearfix u-sheet u-valign-top-lg u-valign-top-md u-valign-top-sm u-valign-top-xs u-sheet-1\">\n        <div class=\"data-layout-selected u-clearfix u-expanded-width u-layout-wrap u-layout-wrap-1\">\n          <div class=\"u-layout\">\n            <div class=\"u-layout-row\">\n              <div class=\"u-container-style u-layout-cell u-size-30 u-layout-cell-1\">\n                <div class=\"u-container-layout u-container-layout-1\">\n                  <p class=\"u-large-text u-text u-text-default u-text-variant u-text-1\">Je\u015bli chcesz zada\u0107 pytanie dotycz\u0105ce Zgorzeleckiego Konwentu Fanastycznego to mo\u017cesz zrobi\u0107 to za pomoc\u0105 formularza.&nbsp;&nbsp;<\/p>\n                  <p class=\"u-text u-text-default u-text-2\">Adres email : zkfzgorzelec@gmail.com <\/p>\n                  <p class=\"u-large-text u-text u-text-default u-text-variant u-text-3\">Adres organizatora:&nbsp;<br>Muzeum \u0141u\u017cyckie w Zgorzelcu,<br>ul. Daszy\u0144skiego 15;<br>59-900 Zgorzelec&nbsp; \n                  <\/p>\n                <\/div>\n              <\/div>\n              <div class=\"u-container-style u-layout-cell u-size-30 u-layout-cell-2\">\n                <div class=\"u-container-layout u-container-layout-2\">\n                  <div class=\"u-expanded-width u-form u-form-1\">\n                    <form action=\"https:\/\/service.nicepagesrv.com\/form\/v4\/form-process\" class=\"u-clearfix u-form-spacing-10 u-form-vertical u-inner-form\" source=\"email\" name=\"form\" style=\"padding: 10px;\">\n                      <div class=\"u-form-group u-form-name\">\n                        <label for=\"name-5d78\" class=\"u-label\">Nazwa<\/label>\n                        <input type=\"text\" placeholder=\"Wprowad\u017a swoje imi\u0119\" id=\"name-5d78\" name=\"name\" class=\"u-input u-input-rectangle\" required=\"\">\n                      <\/div>\n                      <div class=\"u-form-email u-form-group\">\n                        <label for=\"email-5d78\" class=\"u-label\">E-mail<\/label>\n                        <input type=\"email\" placeholder=\"Wprowad\u017a prawid\u0142owy adres e-mail\" id=\"email-5d78\" name=\"email\" class=\"u-input u-input-rectangle\" required=\"\">\n                      <\/div>\n                      <div class=\"u-form-group u-form-message\">\n                        <label for=\"message-5d78\" class=\"u-label\">Wiadomo\u015b\u0107<\/label>\n                        <textarea placeholder=\"Wprowad\u017a swoj\u0105 wiadomo\u015b\u0107\" rows=\"4\" cols=\"50\" id=\"message-5d78\" name=\"message\" class=\"u-input u-input-rectangle\" required=\"\"><\/textarea>\n                      <\/div>\n                      <div class=\"u-align-left u-form-group u-form-submit\">\n                        <a href=\"#\" class=\"u-btn u-btn-submit u-button-style\">Prze\u015blij<\/a>\n                        <input type=\"submit\" value=\"submit\" class=\"u-form-control-hidden\">\n                      <\/div>\n                      <div class=\"u-form-send-message u-form-send-success\"> Dzi\u0119kujemy! Twoja wiadomo\u015b\u0107 zosta\u0142a wys\u0142ana! <\/div>\n                      <div class=\"u-form-send-error u-form-send-message\"> Przepraszamy, wiadomo\u015b\u0107 nie mog\u0142a zosta\u0107 wys\u0142ana. Popraw b\u0142\u0119dy i spr\u00f3buj ponownie. <\/div>\n                      <input type=\"hidden\" value=\"\" name=\"recaptchaResponse\">\n                      <input type=\"hidden\" name=\"formServices\" value=\"76200b64-95ac-fea0-edb4-9ab203be3e43\">\n                      <input type=\"hidden\" name=\"siteKey\" value=\"6Ld1kDkrAAAAALU5sNH7eJrqvAzhXJFQJhhDRpmQ\">\n                    <\/form>\n                  <\/div>\n                <\/div>\n              <\/div>\n            <\/div>\n          <\/div>\n        <\/div>\n      <\/div>\n    <\/section>\n    \n    \n    \n  \n","protected":false},"excerpt":{"rendered":"<p>ADRES&nbsp; KONWENTU Miejski Dom Kultury&nbsp;w Zgorzelcu ul. Parkowa 1,&nbsp;59-900 Zgorzelec&nbsp; Je\u015bli chcesz zada\u0107 pytanie dotycz\u0105ce Zgorzeleckiego Konwentu Fanastycznego to mo\u017cesz zrobi\u0107 to za pomoc\u0105 formularza.&nbsp;&nbsp; Adres email : zkfzgorzelec@gmail.com Adres organizatora:&nbsp;Muzeum \u0141u\u017cyckie w Zgorzelcu,ul. Daszy\u0144skiego 15;59-900 Zgorzelec&nbsp; Nazwa E-mail Wiadomo\u015b\u0107 Prze\u015blij Dzi\u0119kujemy! Twoja wiadomo\u015b\u0107 zosta\u0142a wys\u0142ana! Przepraszamy, wiadomo\u015b\u0107 nie mog\u0142a zosta\u0107 wys\u0142ana. Popraw b\u0142\u0119dy i &hellip; <a href=\"https:\/\/www.zkf.zgorzelec.pl\/index.php\/kontakt-2\/\" class=\"more-link\">Continue reading<span class=\"screen-reader-text\"> &#8222;Kontakt&#8221;<\/span><\/a><\/p>\n","protected":false},"author":1,"featured_media":0,"parent":0,"menu_order":6,"comment_status":"closed","ping_status":"closed","template":"","meta":{"footnotes":""},"class_list":["post-672","page","type-page","status-publish","hentry"],"_links":{"self":[{"href":"https:\/\/www.zkf.zgorzelec.pl\/index.php\/wp-json\/wp\/v2\/pages\/672","targetHints":{"allow":["GET"]}}],"collection":[{"href":"https:\/\/www.zkf.zgorzelec.pl\/index.php\/wp-json\/wp\/v2\/pages"}],"about":[{"href":"https:\/\/www.zkf.zgorzelec.pl\/index.php\/wp-json\/wp\/v2\/types\/page"}],"author":[{"embeddable":true,"href":"https:\/\/www.zkf.zgorzelec.pl\/index.php\/wp-json\/wp\/v2\/users\/1"}],"replies":[{"embeddable":true,"href":"https:\/\/www.zkf.zgorzelec.pl\/index.php\/wp-json\/wp\/v2\/comments?post=672"}],"version-history":[{"count":2,"href":"https:\/\/www.zkf.zgorzelec.pl\/index.php\/wp-json\/wp\/v2\/pages\/672\/revisions"}],"predecessor-version":[{"id":844,"href":"https:\/\/www.zkf.zgorzelec.pl\/index.php\/wp-json\/wp\/v2\/pages\/672\/revisions\/844"}],"wp:attachment":[{"href":"https:\/\/www.zkf.zgorzelec.pl\/index.php\/wp-json\/wp\/v2\/media?parent=672"}],"curies":[{"name":"wp","href":"https:\/\/api.w.org\/{rel}","templated":true}]}}